{"id":990,"date":"2020-07-16T07:07:42","date_gmt":"2020-07-16T07:07:42","guid":{"rendered":"http:\/\/www.kasolomouc.cz\/?page_id=990"},"modified":"2020-07-16T07:16:39","modified_gmt":"2020-07-16T07:16:39","slug":"lodm-2019","status":"publish","type":"page","link":"https:\/\/www.kasolomouc.cz\/index.php\/lodm-2019\/","title":{"rendered":"LODM 2019"},"content":{"rendered":"<h1>Hry IX. letn\u00ed olympi\u00e1dy d\u011bt\u00ed a ml\u00e1de\u017ee 2019<\/h1>\n<h4 class=\"main-heading-ext-lead\">Libereck\u00fd kraj \/ 23. 6. 2019 &#8211; 28. 6. 2019<\/h4>\n<p>&nbsp;<\/p>\n<h4>Nomina\u010dn\u00ed z\u00e1vody &#8211; <a href=\"https:\/\/online.atletika.cz\/vysledky\/39634\">8. 5. Mal\u00e1 cena m\u011bsta Olomouce\u00a0<\/a><\/h4>\n<h4><a href=\"https:\/\/www.kasolomouc.cz\/index.php\/2019\/06\/05\/olympiada-deti-a-mladeze-2019\/\">Fin\u00e1ln\u00ed nominace z\u00e1vodn\u00edk\u016f<\/a><\/h4>\n<h4><a href=\"https:\/\/www.kasolomouc.cz\/index.php\/2019\/06\/27\/sest-medaili-pro-olomoucky-kraj-z-lodm-2019\/\">V\u00fdsledky atlet\u016f na LODM 2019<\/a><\/h4>\n<h4><a href=\"https:\/\/www.kasolomouc.cz\/index.php\/2019\/09\/12\/hejtman-ocenil-medailisty-z-lodm\/\">Hejtman ocenil medailisty z LODM 2019<\/a><\/h4>\n","protected":false},"excerpt":{"rendered":"<p>Hry IX. letn\u00ed olympi\u00e1dy d\u011bt\u00ed a ml\u00e1de\u017ee 2019 Libereck\u00fd kraj \/ 23. 6. 2019 &#8211; 28. 6. 2019 &nbsp; Nomina\u010dn\u00ed z\u00e1vody &#8211; 8. 5. Mal\u00e1 cena m\u011bsta Olomouce\u00a0 Fin\u00e1ln\u00ed nominace z\u00e1vodn\u00edk\u016f V\u00fdsledky atlet\u016f na LODM 2019 Hejtman ocenil medailisty z LODM 2019<\/p>\n","protected":false},"author":3,"featured_media":0,"parent":0,"menu_order":0,"comment_status":"closed","ping_status":"closed","template":"","meta":{"footnotes":""},"class_list":["entry","author-robert","post-990","page","type-page","status-publish"],"_links":{"self":[{"href":"https:\/\/www.kasolomouc.cz\/index.php\/wp-json\/wp\/v2\/pages\/990","targetHints":{"allow":["GET"]}}],"collection":[{"href":"https:\/\/www.kasolomouc.cz\/index.php\/wp-json\/wp\/v2\/pages"}],"about":[{"href":"https:\/\/www.kasolomouc.cz\/index.php\/wp-json\/wp\/v2\/types\/page"}],"author":[{"embeddable":true,"href":"https:\/\/www.kasolomouc.cz\/index.php\/wp-json\/wp\/v2\/users\/3"}],"replies":[{"embeddable":true,"href":"https:\/\/www.kasolomouc.cz\/index.php\/wp-json\/wp\/v2\/comments?post=990"}],"version-history":[{"count":4,"href":"https:\/\/www.kasolomouc.cz\/index.php\/wp-json\/wp\/v2\/pages\/990\/revisions"}],"predecessor-version":[{"id":998,"href":"https:\/\/www.kasolomouc.cz\/index.php\/wp-json\/wp\/v2\/pages\/990\/revisions\/998"}],"wp:attachment":[{"href":"https:\/\/www.kasolomouc.cz\/index.php\/wp-json\/wp\/v2\/media?parent=990"}],"curies":[{"name":"wp","href":"https:\/\/api.w.org\/{rel}","templated":true}]}}