{"id":38,"date":"2018-01-23T10:00:47","date_gmt":"2018-01-23T10:00:47","guid":{"rendered":"http:\/\/www.kasolomouc.cz\/?page_id=38"},"modified":"2021-03-03T07:53:36","modified_gmt":"2021-03-03T07:53:36","slug":"vybor-kaso","status":"publish","type":"page","link":"https:\/\/www.kasolomouc.cz\/index.php\/vybor-kaso\/","title":{"rendered":"V\u00fdbor KASO"},"content":{"rendered":"<table style=\"height: 977px;\" width=\"214\">\n<tbody>\n<tr>\n<td width=\"64\">\n<h3><img loading=\"lazy\" decoding=\"async\" class=\"alignleft wp-image-402 size-full\" src=\"http:\/\/www.kasolomouc.cz\/wp-content\/uploads\/2018\/10\/FotoDD50.jpg\" alt=\"\" width=\"162\" height=\"261\" \/><\/h3>\n<\/td>\n<td width=\"138\">\n<h3><\/h3>\n<h3><\/h3>\n<h3><strong>P\u0159edseda<\/strong><\/h3>\n<h3>RNDr. Drahoslav Do\u010dkal<\/h3>\n<\/td>\n<\/tr>\n<tr>\n<td><\/td>\n<td width=\"138\"><strong>\u00a0<\/strong><\/td>\n<\/tr>\n<tr>\n<td><strong>\u00a0<\/strong><\/td>\n<td width=\"138\">\n<h3><strong>M\u00edstop\u0159edseda<\/strong><\/h3>\n<h3>Ing. Jan Milas<\/h3>\n<\/td>\n<\/tr>\n<tr>\n<td><\/td>\n<td width=\"138\"><\/td>\n<\/tr>\n<tr>\n<td><img loading=\"lazy\" decoding=\"async\" class=\"alignleft size-medium wp-image-203\" src=\"http:\/\/www.kasolomouc.cz\/wp-content\/uploads\/2018\/02\/RN-300x300.jpg\" alt=\"\" width=\"300\" height=\"300\" srcset=\"https:\/\/www.kasolomouc.cz\/wp-content\/uploads\/2018\/02\/RN-300x300.jpg 300w, https:\/\/www.kasolomouc.cz\/wp-content\/uploads\/2018\/02\/RN-150x150.jpg 150w, https:\/\/www.kasolomouc.cz\/wp-content\/uploads\/2018\/02\/RN.jpg 750w\" sizes=\"auto, (max-width: 300px) 100vw, 300px\" \/><\/td>\n<td width=\"138\">\n<h3><strong>Tajemn\u00edk, hospod\u00e1\u0159<\/strong><\/h3>\n<h3>Mgr. Robert Novotn\u00fd<\/h3>\n<\/td>\n<\/tr>\n<tr>\n<td><\/td>\n<td width=\"138\"><\/td>\n<\/tr>\n<tr>\n<td><\/td>\n<td width=\"138\">\n<h3><strong>Sout\u011b\u017en\u00ed komise<\/strong><\/h3>\n<h3>Ing. V\u00e1clav Klva\u0148a<\/h3>\n<\/td>\n<\/tr>\n<tr>\n<td><\/td>\n<td width=\"138\"><\/td>\n<\/tr>\n<tr>\n<td>\n<h3>\u00a0<img loading=\"lazy\" decoding=\"async\" class=\"alignleft wp-image-284 size-medium\" src=\"http:\/\/www.kasolomouc.cz\/wp-content\/uploads\/2018\/02\/na-pr\u016fkaz-233x300.jpg\" alt=\"\" width=\"233\" height=\"300\" srcset=\"https:\/\/www.kasolomouc.cz\/wp-content\/uploads\/2018\/02\/na-pr\u016fkaz-233x300.jpg 233w, https:\/\/www.kasolomouc.cz\/wp-content\/uploads\/2018\/02\/na-pr\u016fkaz.jpg 350w\" sizes=\"auto, (max-width: 233px) 100vw, 233px\" \/><\/h3>\n<\/td>\n<td width=\"138\">\n<h3><strong>Komise rozhod\u010d\u00edch<\/strong><\/h3>\n<h3>Ludmila Pudilov\u00e1<\/h3>\n<\/td>\n<\/tr>\n<tr>\n<td><\/td>\n<td width=\"138\"><\/td>\n<\/tr>\n<tr>\n<td><img loading=\"lazy\" decoding=\"async\" class=\"alignleft wp-image-283 size-medium\" src=\"http:\/\/www.kasolomouc.cz\/wp-content\/uploads\/2018\/02\/rakowski-230x300.jpg\" alt=\"\" width=\"230\" height=\"300\" srcset=\"https:\/\/www.kasolomouc.cz\/wp-content\/uploads\/2018\/02\/rakowski-230x300.jpg 230w, https:\/\/www.kasolomouc.cz\/wp-content\/uploads\/2018\/02\/rakowski.jpg 323w\" sizes=\"auto, (max-width: 230px) 100vw, 230px\" \/><\/td>\n<td width=\"138\">\n<h3><strong>Komise ml\u00e1de\u017ee<\/strong><\/h3>\n<h3>Zdenek Rakowski<\/h3>\n<\/td>\n<\/tr>\n<tr>\n<td><\/td>\n<td width=\"138\"><\/td>\n<\/tr>\n<tr>\n<td><\/td>\n<td width=\"138\">\n<h3><strong>Sout\u011b\u017ee mlad\u0161\u00edho \u017eactva<\/strong><\/h3>\n<h3>Milan \u010ce\u010dman<\/h3>\n<\/td>\n<\/tr>\n<tr>\n<td><\/td>\n<td width=\"138\"><\/td>\n<\/tr>\n<tr>\n<td><\/td>\n<td width=\"138\">\n<h3><strong>Sout\u011b\u017ee star\u0161\u00edho \u017eactva<\/strong><\/h3>\n<h3>Mgr. Jarmila Hynkov\u00e1<\/h3>\n<\/td>\n<\/tr>\n<tr>\n<td>\n<h3><\/h3>\n<\/td>\n<td width=\"138\">\n<h3><\/h3>\n<\/td>\n<\/tr>\n<tr>\n<td>\n<h3><\/h3>\n<\/td>\n<td width=\"138\">\n<h3><strong>Sout\u011b\u017ee mimo dr\u00e1hu<\/strong><\/h3>\n<h3>Mgr. Bc. Miroslav Sadil<\/h3>\n<\/td>\n<\/tr>\n<tr>\n<td><\/td>\n<td width=\"138\"><\/td>\n<\/tr>\n<tr>\n<td>\n<h3><\/h3>\n<\/td>\n<td width=\"138\">\n<h3><strong>Revizor<\/strong><\/h3>\n<h3>Iveta Jank\u016f<\/h3>\n<\/td>\n<\/tr>\n<\/tbody>\n<\/table>\n<p>&nbsp;<\/p>\n","protected":false},"excerpt":{"rendered":"<p>P\u0159edseda RNDr. Drahoslav Do\u010dkal \u00a0 \u00a0 M\u00edstop\u0159edseda Ing. Jan Milas Tajemn\u00edk, hospod\u00e1\u0159 Mgr. Robert Novotn\u00fd Sout\u011b\u017en\u00ed komise Ing. V\u00e1clav Klva\u0148a \u00a0 Komise rozhod\u010d\u00edch Ludmila Pudilov\u00e1 Komise ml\u00e1de\u017ee Zdenek Rakowski Sout\u011b\u017ee mlad\u0161\u00edho \u017eactva Milan \u010ce\u010dman Sout\u011b\u017ee star\u0161\u00edho \u017eactva Mgr. Jarmila Hynkov\u00e1 Sout\u011b\u017ee mimo dr\u00e1hu Mgr. Bc. Miroslav Sadil Revizor Iveta Jank\u016f &nbsp;<\/p>\n","protected":false},"author":1,"featured_media":0,"parent":0,"menu_order":0,"comment_status":"closed","ping_status":"closed","template":"","meta":{"footnotes":""},"class_list":["entry","author-kasolomouc","post-38","page","type-page","status-publish"],"_links":{"self":[{"href":"https:\/\/www.kasolomouc.cz\/index.php\/wp-json\/wp\/v2\/pages\/38","targetHints":{"allow":["GET"]}}],"collection":[{"href":"https:\/\/www.kasolomouc.cz\/index.php\/wp-json\/wp\/v2\/pages"}],"about":[{"href":"https:\/\/www.kasolomouc.cz\/index.php\/wp-json\/wp\/v2\/types\/page"}],"author":[{"embeddable":true,"href":"https:\/\/www.kasolomouc.cz\/index.php\/wp-json\/wp\/v2\/users\/1"}],"replies":[{"embeddable":true,"href":"https:\/\/www.kasolomouc.cz\/index.php\/wp-json\/wp\/v2\/comments?post=38"}],"version-history":[{"count":12,"href":"https:\/\/www.kasolomouc.cz\/index.php\/wp-json\/wp\/v2\/pages\/38\/revisions"}],"predecessor-version":[{"id":1199,"href":"https:\/\/www.kasolomouc.cz\/index.php\/wp-json\/wp\/v2\/pages\/38\/revisions\/1199"}],"wp:attachment":[{"href":"https:\/\/www.kasolomouc.cz\/index.php\/wp-json\/wp\/v2\/media?parent=38"}],"curies":[{"name":"wp","href":"https:\/\/api.w.org\/{rel}","templated":true}]}}