{"id":2981,"date":"2026-04-10T06:34:26","date_gmt":"2026-04-10T06:34:26","guid":{"rendered":"https:\/\/www.kasolomouc.cz\/?page_id=2981"},"modified":"2026-04-10T06:36:35","modified_gmt":"2026-04-10T06:36:35","slug":"dlouhodobe-tabulky-moravy-a-slezska","status":"publish","type":"page","link":"https:\/\/www.kasolomouc.cz\/index.php\/dlouhodobe-tabulky-moravy-a-slezska\/","title":{"rendered":"Dlouhodob\u00e9 tabulky Moravy a Slezska"},"content":{"rendered":"\n<p>Dlouhodob\u00e9 tabulky z\u00e1vodn\u00edk\u016f Moravy a Slezska. Aktualizov\u00e1no k 31.12.2025. D\u011bkujeme za zpracov\u00e1n\u00ed a zasl\u00e1n\u00ed p. Vr\u00e1novi.<\/p>\n\n\n\n<h2 class=\"wp-block-heading\"><strong>Mu\u017esk\u00e9 slo\u017eky<\/strong><\/h2>\n\n\n\n<h3 class=\"wp-block-heading\"><a href=\"http:\/\/www.kasolomouc.cz\/wp-content\/uploads\/2026\/04\/DT-MAS-muzi.xls\">Mu\u017ei<\/a><\/h3>\n\n\n\n<h3 class=\"wp-block-heading\"><a href=\"http:\/\/www.kasolomouc.cz\/wp-content\/uploads\/2026\/04\/DT-MaS-22.xls\">Mu\u017ei U22<\/a><\/h3>\n\n\n\n<h3 class=\"wp-block-heading\"><a href=\"http:\/\/www.kasolomouc.cz\/wp-content\/uploads\/2026\/04\/DT-MaS-jun.xls\">Junio\u0159i<\/a><\/h3>\n\n\n\n<h3 class=\"wp-block-heading\"><a href=\"http:\/\/www.kasolomouc.cz\/wp-content\/uploads\/2026\/04\/DT-MAS-dor.xls\">Dorostenci<\/a><\/h3>\n\n\n\n<h3 class=\"wp-block-heading\"><a href=\"http:\/\/www.kasolomouc.cz\/wp-content\/uploads\/2026\/04\/DT-MaS-zs.xls\">Star\u0161\u00ed \u017e\u00e1ci<\/a><\/h3>\n\n\n\n<h3 class=\"wp-block-heading\"><a href=\"http:\/\/www.kasolomouc.cz\/wp-content\/uploads\/2026\/04\/DT-MAS-zm.xls\">Mlad\u0161\u00ed \u017e\u00e1ci<\/a><\/h3>\n\n\n\n<h2 class=\"wp-block-heading\"><strong>\u017densk\u00e9 slo\u017eky<\/strong><\/h2>\n\n\n\n<h3 class=\"wp-block-heading\"><a href=\"http:\/\/www.kasolomouc.cz\/wp-content\/uploads\/2026\/04\/DT-MAS-zeny-k-31.12.2025.xls\">\u017deny<\/a><\/h3>\n\n\n\n<h3 class=\"wp-block-heading\"><a href=\"http:\/\/www.kasolomouc.cz\/wp-content\/uploads\/2026\/04\/DT-MAS-zeny-podle-let.xls\">\u017deny podle v\u011bku<\/a><\/h3>\n","protected":false},"excerpt":{"rendered":"<p>Dlouhodob\u00e9 tabulky z\u00e1vodn\u00edk\u016f Moravy a Slezska. Aktualizov\u00e1no k 31.12.2025. D\u011bkujeme za zpracov\u00e1n\u00ed a zasl\u00e1n\u00ed p. Vr\u00e1novi. Mu\u017esk\u00e9 slo\u017eky Mu\u017ei Mu\u017ei U22 Junio\u0159i Dorostenci Star\u0161\u00ed \u017e\u00e1ci Mlad\u0161\u00ed \u017e\u00e1ci \u017densk\u00e9 slo\u017eky \u017deny \u017deny podle v\u011bku<\/p>\n","protected":false},"author":3,"featured_media":0,"parent":0,"menu_order":0,"comment_status":"closed","ping_status":"closed","template":"","meta":{"footnotes":""},"class_list":["entry","author-robert","post-2981","page","type-page","status-publish"],"_links":{"self":[{"href":"https:\/\/www.kasolomouc.cz\/index.php\/wp-json\/wp\/v2\/pages\/2981","targetHints":{"allow":["GET"]}}],"collection":[{"href":"https:\/\/www.kasolomouc.cz\/index.php\/wp-json\/wp\/v2\/pages"}],"about":[{"href":"https:\/\/www.kasolomouc.cz\/index.php\/wp-json\/wp\/v2\/types\/page"}],"author":[{"embeddable":true,"href":"https:\/\/www.kasolomouc.cz\/index.php\/wp-json\/wp\/v2\/users\/3"}],"replies":[{"embeddable":true,"href":"https:\/\/www.kasolomouc.cz\/index.php\/wp-json\/wp\/v2\/comments?post=2981"}],"version-history":[{"count":2,"href":"https:\/\/www.kasolomouc.cz\/index.php\/wp-json\/wp\/v2\/pages\/2981\/revisions"}],"predecessor-version":[{"id":2993,"href":"https:\/\/www.kasolomouc.cz\/index.php\/wp-json\/wp\/v2\/pages\/2981\/revisions\/2993"}],"wp:attachment":[{"href":"https:\/\/www.kasolomouc.cz\/index.php\/wp-json\/wp\/v2\/media?parent=2981"}],"curies":[{"name":"wp","href":"https:\/\/api.w.org\/{rel}","templated":true}]}}