{"id":239,"date":"2018-02-20T13:08:18","date_gmt":"2018-02-20T13:08:18","guid":{"rendered":"http:\/\/www.kasolomouc.cz\/?page_id=239"},"modified":"2026-04-16T10:06:49","modified_gmt":"2026-04-16T10:06:49","slug":"krajsky-prebor-mladsiho-zactva","status":"publish","type":"page","link":"https:\/\/www.kasolomouc.cz\/index.php\/krajsky-prebor-mladsiho-zactva\/","title":{"rendered":"Krajsk\u00fd p\u0159ebor mlad\u0161\u00edho \u017eactva"},"content":{"rendered":"\n<h2 class=\"wp-block-heading\">Krajsk\u00fd p\u0159ebor dru\u017estev mlad\u0161\u00edch \u017e\u00e1k\u016f a mlad\u0161\u00edch \u017e\u00e1ky\u0148 2026<\/h2>\n\n\n\n<figure class=\"wp-block-table\"><table class=\"has-fixed-layout\"><tbody><tr><td>Dru\u017estva \u017e\u00e1k\u016f:<\/td><td>Dru\u017estva \u017e\u00e1ky\u0148:<\/td><\/tr><tr><td>AK Olomouc<\/td><td>AK Olomouc &#8222;A&#8220; i &#8222;B&#8220;<\/td><\/tr><tr><td>TJ \u0160umperk<\/td><td>TJ \u0160umperk<\/td><\/tr><tr><td>AK Prost\u011bjov<\/td><td>AK Prost\u011bjov<\/td><\/tr><tr><td>AK \u0160ternberk<\/td><td>AK \u0160ternberk<\/td><\/tr><tr><td>SK P\u0159erov 1908<\/td><td>SK P\u0159erov 1908<\/td><\/tr><tr><td>SK Hranice<\/td><td>SK Hranice<\/td><\/tr><tr><td>&nbsp;TJ Sokol Nov\u00e1 Hrade\u010dn\u00e1<\/td><td>TJ Uni\u010dov<\/td><\/tr><tr><td>&nbsp;<\/td><td>Atletika Z\u00e1b\u0159eh<\/td><\/tr><tr><td><\/td><td>&nbsp;TJ Sokol Nov\u00e1 Hrade\u010dn\u00e1<\/td><\/tr><\/tbody><\/table><\/figure>\n\n\n\n<h3 class=\"wp-block-heading\"><strong><a href=\"http:\/\/www.kasolomouc.cz\/wp-content\/uploads\/2026\/04\/2026-kontakty-druzstva.xlsx\">Kontakty na vedouc\u00ed dru\u017estev a na \u0159\u00edd\u00edc\u00ed sout\u011b\u017ee.<\/a><\/strong><\/h3>\n\n\n\n<h3 class=\"wp-block-heading\">Term\u00edny kol:<\/h3>\n\n\n\n<h3 class=\"wp-block-heading\"><strong>1.kolo: 14. 5. 2026 \u0160umperk<\/strong>\u00a0<em><a href=\"https:\/\/online.atletika.cz\/Propozice\/propozice\/89016\">Propozice<\/a> V\u00fdsledky<\/em> <strong><em>Z\u00e1rove\u0148 jako KP jednotlivc<\/em>\u016f a jako Nomina\u010dn\u00ed z\u00e1vod LODM 2026.<\/strong><\/h3>\n\n\n\n<h3 class=\"wp-block-heading\"><strong>2.kolo: 4. 6. 2026 Hranice<\/strong>&nbsp;<em>Propozice V\u00fdsledky<\/em><\/h3>\n\n\n\n<h3 class=\"wp-block-heading\"><strong>3.kolo: 18. 6. 2026 Z\u00e1b\u0159eh <\/strong><em>Propozice V\u00fdsledky<\/em><\/h3>\n\n\n\n<h3 class=\"wp-block-heading\"><strong>Semifin\u00e1le: 20. 9. 2026 T\u0159inec<\/strong>&nbsp;Propozice V\u00fdsledky<\/h3>\n\n\n\n<h4 class=\"wp-block-heading\">V roce 2026 prob\u011bhne tak\u00e9 semifin\u00e1le dru\u017estev MMaS. Olomouck\u00fd kraj se utk\u00e1 spole\u010dn\u011b s Moravskoslezsk\u00fdm krajem. Semifin\u00e1le se uskute\u010dn\u00ed 20. z\u00e1\u0159\u00ed 2026 T\u0159inci.<\/h4>\n\n\n\n<h4 class=\"wp-block-heading\"><strong>Do semifin\u00e1le MMaS postupuje prvn\u00edch p\u011bt dru\u017estev z Krajsk\u00e9ho p\u0159eboru.<\/strong><\/h4>\n\n\n\n<h4 class=\"wp-block-heading\">Do fin\u00e1le MMaS postupuje prvn\u00edch 5 dru\u017estev ze semifin\u00e1le.<\/h4>\n\n\n\n<h4 class=\"wp-block-heading\">Fin\u00e1le Mistrovstv\u00ed MaS dru\u017estev mlad\u0161\u00edch \u017e\u00e1k\u016f a mlad\u0161\u00edch \u017e\u00e1ky\u0148 se uskute\u010dn\u00ed 28. z\u00e1\u0159\u00ed 2026 v Opav\u011b.<\/h4>\n\n\n\n<h3 class=\"wp-block-heading\"><a href=\"http:\/\/www.kasolomouc.cz\/wp-content\/uploads\/2026\/04\/Zpravodaj-RP-c.-1-KPD-ml.-zactva-2026.pdf\">Zpravodaj \u0159\u00edd\u00edc\u00edho pracovn\u00edka \u010d. 1<\/a><\/h3>\n\n\n\n<h3 class=\"wp-block-heading\">Kone\u010dn\u00e9 po\u0159ad\u00ed KPD mlad\u0161\u00edho \u017eactva 2025:<\/h3>\n\n\n\n<figure class=\"wp-block-table\"><table class=\"has-fixed-layout\"><tbody><tr><td>&nbsp;<\/td><td>\n<p><strong>Mlad\u0161\u00ed \u017e\u00e1ci<\/strong><\/p>\n<\/td><td>\n<p><strong>HL body<\/strong><\/p>\n<\/td><td>\n<p><strong>Pom. Body<\/strong><\/p>\n<\/td><\/tr><tr><td>\n<p>1.<\/p>\n<\/td><td>\n<p><strong>Atletick\u00fd klub Olomouc z.s.<\/strong><\/p>\n<\/td><td>\n<p><strong>18<\/strong><\/p>\n<\/td><td>\n<p><strong>941,16<\/strong><\/p>\n<\/td><\/tr><tr><td>\n<p>2.<\/p>\n<\/td><td>\n<p><strong>Atletick\u00fd klub Prost\u011bjov, z. s.<\/strong><\/p>\n<\/td><td>\n<p><strong>15<\/strong><\/p>\n<\/td><td>\n<p><strong>587,83<\/strong><\/p>\n<\/td><\/tr><tr><td>\n<p>3.<\/p>\n<\/td><td>\n<p><strong>Atletick\u00fd klub \u0160ternberk z.s.<\/strong><\/p>\n<\/td><td>\n<p><strong>12<\/strong><\/p>\n<\/td><td>\n<p><strong>368,00<\/strong><\/p>\n<\/td><\/tr><tr><td>\n<p>4.<\/p>\n<\/td><td>\n<p><strong>Sportovn\u00ed klub P\u0159erov 1908 z.s.<\/strong><\/p>\n<\/td><td>\n<p><strong>9<\/strong><\/p>\n<\/td><td>\n<p><strong>297,50<\/strong><\/p>\n<\/td><\/tr><tr><td>\n<p>5.<\/p>\n<\/td><td>\n<p><strong>TJ \u0160umperk, z.s.<\/strong><\/p>\n<\/td><td>\n<p><strong>6<\/strong><\/p>\n<\/td><td>\n<p><strong>237,00<\/strong><\/p>\n<\/td><\/tr><tr><td>\n<p>6.<\/p>\n<\/td><td>\n<p>SK Hranice, z.s.<\/p>\n<\/td><td>\n<p>2<\/p>\n<\/td><td>\n<p>57,50<\/p>\n<\/td><\/tr><\/tbody><\/table><\/figure>\n\n\n\n<figure class=\"wp-block-table\"><table class=\"has-fixed-layout\"><tbody><tr><td>&nbsp;<\/td><td>\n<p><strong>Mlad\u0161\u00ed \u017e\u00e1kyn\u011b<\/strong><\/p>\n<\/td><td>\n<p><strong>HL body<\/strong><\/p>\n<\/td><td>\n<p><strong>Pom. Body<\/strong><\/p>\n<\/td><\/tr><tr><td>\n<p>1.<\/p>\n<\/td><td>\n<p><strong>Atletick\u00fd klub Olomouc z.s. A<\/strong><\/p>\n<\/td><td>\n<p><strong>30<\/strong><\/p>\n<\/td><td>\n<p><strong>714,50<\/strong><\/p>\n<\/td><\/tr><tr><td>\n<p>2.<\/p>\n<\/td><td>\n<p><strong>Sportovn\u00ed klub P\u0159erov 1908 z.s.<\/strong><\/p>\n<\/td><td>\n<p><strong>24<\/strong><\/p>\n<\/td><td>\n<p><strong>406,00<\/strong><\/p>\n<\/td><\/tr><tr><td>\n<p>3.<\/p>\n<\/td><td>\n<p><strong>TJ \u0160umperk, z.s. A<\/strong><\/p>\n<\/td><td>\n<p><strong>23<\/strong><\/p>\n<\/td><td>\n<p><strong>399,50<\/strong><\/p>\n<\/td><\/tr><tr><td>\n<p>4.<\/p>\n<\/td><td>\n<p><strong>Atletick\u00fd klub Prost\u011bjov, z. s.<\/strong><\/p>\n<\/td><td>\n<p><strong>23<\/strong><\/p>\n<\/td><td>\n<p><strong>364,50<\/strong><\/p>\n<\/td><\/tr><tr><td>\n<p>5.<\/p>\n<\/td><td>\n<p>Atletick\u00fd klub Olomouc z.s. B<\/p>\n<\/td><td>\n<p>20<\/p>\n<\/td><td>\n<p>310,00<\/p>\n<\/td><\/tr><tr><td>\n<p>6.<\/p>\n<\/td><td>\n<p><strong>SK Hranice, z.s.<\/strong><\/p>\n<\/td><td>\n<p><strong>14<\/strong><\/p>\n<\/td><td>\n<p><strong>173,00<\/strong><\/p>\n<\/td><\/tr><tr><td>\n<p>7.<\/p>\n<\/td><td>\n<p>Atletick\u00fd klub \u0160ternberk z.s.<\/p>\n<\/td><td>\n<p>13<\/p>\n<\/td><td>\n<p>142,50<\/p>\n<\/td><\/tr><tr><td>\n<p>8.<\/p>\n<\/td><td>\n<p>Atletika Z\u00e1b\u0159eh, z. s.<\/p>\n<\/td><td>\n<p>9<\/p>\n<\/td><td>\n<p>108,50<\/p>\n<\/td><\/tr><tr><td>\n<p>9.<\/p>\n<\/td><td>\n<p>TJ Uni\u010dov<\/p>\n<\/td><td>\n<p>6<\/p>\n<\/td><td>\n<p>69,00<\/p>\n<\/td><\/tr><tr><td>\n<p>10.<\/p>\n<\/td><td>\n<p>TJ \u0160umperk, z.s. B<\/p>\n<\/td><td>\n<p>2<\/p>\n<\/td><td>\n<p>2,50<\/p>\n<\/td><\/tr><\/tbody><\/table><\/figure>\n\n\n\n<pre class=\"wp-block-code\"><code><\/code><\/pre>\n\n\n\n<p><\/p>\n","protected":false},"excerpt":{"rendered":"<p>Krajsk\u00fd p\u0159ebor dru\u017estev mlad\u0161\u00edch \u017e\u00e1k\u016f a mlad\u0161\u00edch \u017e\u00e1ky\u0148 2026 Dru\u017estva \u017e\u00e1k\u016f: Dru\u017estva \u017e\u00e1ky\u0148: AK Olomouc AK Olomouc &#8222;A&#8220; i &#8222;B&#8220; TJ \u0160umperk TJ \u0160umperk AK Prost\u011bjov AK Prost\u011bjov AK \u0160ternberk AK \u0160ternberk SK P\u0159erov 1908 SK P\u0159erov 1908 SK Hranice SK Hranice &nbsp;TJ Sokol Nov\u00e1 Hrade\u010dn\u00e1 TJ Uni\u010dov &nbsp; Atletika Z\u00e1b\u0159eh &nbsp;TJ Sokol Nov\u00e1 Hrade\u010dn\u00e1 <a href=\"https:\/\/www.kasolomouc.cz\/index.php\/krajsky-prebor-mladsiho-zactva\/\" class=\"more-link\">[&hellip;]<\/a><\/p>\n","protected":false},"author":3,"featured_media":0,"parent":0,"menu_order":0,"comment_status":"closed","ping_status":"closed","template":"","meta":{"footnotes":""},"class_list":["entry","author-robert","post-239","page","type-page","status-publish"],"_links":{"self":[{"href":"https:\/\/www.kasolomouc.cz\/index.php\/wp-json\/wp\/v2\/pages\/239","targetHints":{"allow":["GET"]}}],"collection":[{"href":"https:\/\/www.kasolomouc.cz\/index.php\/wp-json\/wp\/v2\/pages"}],"about":[{"href":"https:\/\/www.kasolomouc.cz\/index.php\/wp-json\/wp\/v2\/types\/page"}],"author":[{"embeddable":true,"href":"https:\/\/www.kasolomouc.cz\/index.php\/wp-json\/wp\/v2\/users\/3"}],"replies":[{"embeddable":true,"href":"https:\/\/www.kasolomouc.cz\/index.php\/wp-json\/wp\/v2\/comments?post=239"}],"version-history":[{"count":111,"href":"https:\/\/www.kasolomouc.cz\/index.php\/wp-json\/wp\/v2\/pages\/239\/revisions"}],"predecessor-version":[{"id":3005,"href":"https:\/\/www.kasolomouc.cz\/index.php\/wp-json\/wp\/v2\/pages\/239\/revisions\/3005"}],"wp:attachment":[{"href":"https:\/\/www.kasolomouc.cz\/index.php\/wp-json\/wp\/v2\/media?parent=239"}],"curies":[{"name":"wp","href":"https:\/\/api.w.org\/{rel}","templated":true}]}}