{"id":237,"date":"2018-02-20T13:08:05","date_gmt":"2018-02-20T13:08:05","guid":{"rendered":"http:\/\/www.kasolomouc.cz\/?page_id=237"},"modified":"2026-04-16T10:07:34","modified_gmt":"2026-04-16T10:07:34","slug":"krajsky-prebor-pripravek","status":"publish","type":"page","link":"https:\/\/www.kasolomouc.cz\/index.php\/krajsky-prebor-pripravek\/","title":{"rendered":"Krajsk\u00fd p\u0159ebor p\u0159\u00edpravek"},"content":{"rendered":"\n<h2 class=\"wp-block-heading\">Krajsk\u00fd p\u0159ebor dru\u017estev p\u0159\u00edpravek 2026<\/h2>\n\n\n\n<figure class=\"wp-block-table\"><table class=\"has-fixed-layout\"><tbody><tr><td>Dru\u017estva chlapc\u016f:<\/td><td>Dru\u017estva d\u00edvek:<\/td><\/tr><tr><td>&nbsp;<\/td><td>&nbsp;<\/td><\/tr><tr><td>AK Olomouc<\/td><td>AK Olomouc<\/td><\/tr><tr><td>TJ \u0160umperk<\/td><td>TJ \u0160umperk<\/td><\/tr><tr><td>AK Prost\u011bjov<\/td><td>AK Prost\u011bjov<\/td><\/tr><tr><td>AK \u0160ternberk<\/td><td>AK \u0160ternberk<\/td><\/tr><tr><td>SK P\u0159erov 1908<\/td><td>SK P\u0159erov 1908<\/td><\/tr><tr><td>SK Hranice<\/td><td>SK Hranice<\/td><\/tr><tr><td>Atletick\u00e9 p\u0159\u00edpravky Olomouc<\/td><td>Atletick\u00e9 p\u0159\u00edpravky Olomouc<\/td><\/tr><tr><td>TJ Uni\u010dov<\/td><td>TJ Uni\u010dov<\/td><\/tr><tr><td>Atletika Z\u00e1b\u0159eh<\/td><td>Atletika Z\u00e1b\u0159eh<\/td><\/tr><tr><td><\/td><td>TJ Sokol Nov\u00e1 Hrade\u010dn\u00e1<\/td><\/tr><\/tbody><\/table><\/figure>\n\n\n\n<h3 class=\"wp-block-heading\"><strong><a href=\"http:\/\/www.kasolomouc.cz\/wp-content\/uploads\/2026\/04\/2026-kontakty-druzstva.xlsx\">Kontakty na vedouc\u00ed dru\u017estev a na \u0159\u00edd\u00edc\u00ed sout\u011b\u017ee.<\/a><\/strong><\/h3>\n\n\n\n<p><span style=\"color: inherit; font-family: inherit; font-size: 24px;\"><br>Term\u00edny kol:<\/span><\/p>\n\n\n\n<h3 class=\"wp-block-heading\"><strong>1.kolo: 5. 5. 2026 Prost\u011bjov<\/strong><a href=\"https:\/\/online.atletika.cz\/Propozice\/propozice\/88367\">\u00a0<em>Propozice<\/em><\/a><em>\u00a0V\u00fdsledky<\/em><\/h3>\n\n\n\n<h3 class=\"wp-block-heading\"><strong>2.kolo: 2. 6. 2026 \u0160ternberk<\/strong>&nbsp;<em>Propozice V\u00fdsledky<\/em><\/h3>\n\n\n\n<h3 class=\"wp-block-heading\"><strong>3.kolo: 15. 6. 2026 Olomouc <\/strong><em>Propozice V\u00fdsledky&nbsp;<\/em><\/h3>\n\n\n\n<h3 class=\"wp-block-heading\"><strong><a href=\"http:\/\/www.kasolomouc.cz\/wp-content\/uploads\/2026\/04\/zpravodaj-1-KP-2026.doc\">Zpravodaj \u0159\u00edd\u00edc\u00edho sout\u011b\u017ee \u010d. 1<\/a><\/strong><\/h3>\n\n\n\n<h3 class=\"wp-block-heading\"><\/h3>\n\n\n\n<h3 class=\"wp-block-heading\"><strong>Kone\u010dn\u00e9 po\u0159ad\u00ed KPD p\u0159\u00edpravek 2025<\/strong><\/h3>\n\n\n\n<figure class=\"wp-block-table\"><table class=\"has-fixed-layout\"><tbody><tr><td><\/td><td>\n<p><strong><u>Ho\u0161i<\/u><\/strong><\/p>\n<\/td><td><\/td><td><\/td><td><\/td><td><\/td><td><\/td><td><\/td><td><\/td><td><\/td><\/tr><tr><td><\/td><td>\n<p>Odd\u00edl<\/p>\n<\/td><td>\n<p>1.kolo<\/p>\n<\/td><td>\n<p>Hl. body<\/p>\n<\/td><td>\n<p>2.kolo<\/p>\n<\/td><td>\n<p>Hl. body<\/p>\n<\/td><td>\n<p>3.kolo<\/p>\n<\/td><td>\n<p>Hl. body<\/p>\n<\/td><td>\n<p>Celkem<\/p>\n<\/td><td>\n<p>Hl. body<\/p>\n<\/td><\/tr><tr><td>\n<p><strong>1.<\/strong><\/p>\n<\/td><td>\n<p>AK Prost\u011bjov<\/p>\n<\/td><td>\n<p>213,00<\/p>\n<\/td><td>\n<p>9<\/p>\n<\/td><td>\n<p>211,50<\/p>\n<\/td><td>\n<p>9<\/p>\n<\/td><td>\n<p>228,00<\/p>\n<\/td><td>\n<p>9<\/p>\n<\/td><td>\n<p><strong>652,50<\/strong><\/p>\n<\/td><td>\n<p><strong>27<\/strong><\/p>\n<\/td><\/tr><tr><td>\n<p><strong>2.<\/strong><\/p>\n<\/td><td>\n<p>AK Olomouc<\/p>\n<\/td><td>\n<p>180,00<\/p>\n<\/td><td>\n<p>8<\/p>\n<\/td><td>\n<p>157,50<\/p>\n<\/td><td>\n<p>8<\/p>\n<\/td><td>\n<p>145,00<\/p>\n<\/td><td>\n<p>8<\/p>\n<\/td><td>\n<p><strong>482,50<\/strong><\/p>\n<\/td><td>\n<p><strong>24<\/strong><\/p>\n<\/td><\/tr><tr><td>\n<p><strong>3.<\/strong><\/p>\n<\/td><td>\n<p>AP Olomouc<\/p>\n<\/td><td>\n<p>53,50<\/p>\n<\/td><td>\n<p>7<\/p>\n<\/td><td>\n<p>81,50<\/p>\n<\/td><td>\n<p>7<\/p>\n<\/td><td>\n<p>91,00<\/p>\n<\/td><td>\n<p>7<\/p>\n<\/td><td>\n<p><strong>226,00<\/strong><\/p>\n<\/td><td>\n<p><strong>21<\/strong><\/p>\n<\/td><\/tr><tr><td>\n<p>4.<\/p>\n<\/td><td>\n<p>AK \u0160ternberk<\/p>\n<\/td><td>\n<p>38,00<\/p>\n<\/td><td>\n<p>6<\/p>\n<\/td><td>\n<p>44,50<\/p>\n<\/td><td>\n<p>6<\/p>\n<\/td><td>\n<p>19,00<\/p>\n<\/td><td>\n<p>3<\/p>\n<\/td><td>\n<p><strong>101,50<\/strong><\/p>\n<\/td><td>\n<p><strong>15<\/strong><\/p>\n<\/td><\/tr><tr><td>\n<p>5.<\/p>\n<\/td><td>\n<p>SK P\u0159erov<\/p>\n<\/td><td>\n<p>32,50<\/p>\n<\/td><td>\n<p>4<\/p>\n<\/td><td>\n<p>34,00<\/p>\n<\/td><td>\n<p>4<\/p>\n<\/td><td>\n<p>69,00<\/p>\n<\/td><td>\n<p>6<\/p>\n<\/td><td>\n<p><strong>135,50<\/strong><\/p>\n<\/td><td>\n<p><strong>14<\/strong><\/p>\n<\/td><\/tr><tr><td>\n<p>6.<\/p>\n<\/td><td>\n<p>TJ Nov\u00e1 Hrade\u010dn\u00e1<\/p>\n<\/td><td>\n<p>35,00<\/p>\n<\/td><td>\n<p>5<\/p>\n<\/td><td>\n<p>15,00<\/p>\n<\/td><td>\n<p>1<\/p>\n<\/td><td>\n<p>25,00<\/p>\n<\/td><td>\n<p>4<\/p>\n<\/td><td>\n<p><strong>75,00<\/strong><\/p>\n<\/td><td>\n<p><strong>10<\/strong><\/p>\n<\/td><\/tr><tr><td>\n<p>7.<\/p>\n<\/td><td>\n<p>SK Hranice<\/p>\n<\/td><td>\n<p>0,00<\/p>\n<\/td><td>\n<p>0<\/p>\n<\/td><td>\n<p>35,00<\/p>\n<\/td><td>\n<p>5<\/p>\n<\/td><td>\n<p>33,00<\/p>\n<\/td><td>\n<p>5<\/p>\n<\/td><td>\n<p><strong>68,00<\/strong><\/p>\n<\/td><td>\n<p><strong>10<\/strong><\/p>\n<\/td><\/tr><tr><td>\n<p>8.<\/p>\n<\/td><td>\n<p>TJ Uni\u010dov<\/p>\n<\/td><td>\n<p>30,00<\/p>\n<\/td><td>\n<p>3<\/p>\n<\/td><td>\n<p>31,00<\/p>\n<\/td><td>\n<p>3<\/p>\n<\/td><td>\n<p>2,00<\/p>\n<\/td><td>\n<p>1<\/p>\n<\/td><td>\n<p><strong>63,00<\/strong><\/p>\n<\/td><td>\n<p><strong>7<\/strong><\/p>\n<\/td><\/tr><tr><td>\n<p>9.<\/p>\n<\/td><td>\n<p>TJ \u0160umperk<\/p>\n<\/td><td>\n<p>16,00<\/p>\n<\/td><td>\n<p>2<\/p>\n<\/td><td>\n<p>19,00<\/p>\n<\/td><td>\n<p>2<\/p>\n<\/td><td>\n<p>17,00<\/p>\n<\/td><td>\n<p>2<\/p>\n<\/td><td>\n<p><strong>52,00<\/strong><\/p>\n<\/td><td>\n<p><strong>6<\/strong><\/p>\n<\/td><\/tr><tr><td><\/td><td><\/td><td><\/td><td><\/td><td><\/td><td><\/td><td><\/td><td><\/td><td>\n<p><strong>&nbsp;<\/strong><\/p>\n<\/td><td>\n<p><strong>&nbsp;<\/strong><\/p>\n<\/td><\/tr><tr><td><\/td><td>\n<p><strong><u>D\u00edvky<\/u><\/strong><\/p>\n<\/td><td><\/td><td><\/td><td><\/td><td><\/td><td><\/td><td><\/td><td><\/td><td><\/td><\/tr><tr><td><\/td><td>\n<p>Odd\u00edl<\/p>\n<\/td><td>\n<p>1.kolo<\/p>\n<\/td><td>\n<p>Hl. body<\/p>\n<\/td><td>\n<p>2.kolo<\/p>\n<\/td><td>\n<p>Hl. body<\/p>\n<\/td><td>\n<p>3.kolo<\/p>\n<\/td><td>\n<p>Hl. body<\/p>\n<\/td><td>\n<p>Celkem<\/p>\n<\/td><td>\n<p>Hl. body<\/p>\n<\/td><\/tr><tr><td>\n<p><strong>1.<\/strong><\/p>\n<\/td><td>\n<p>AK Olomouc<\/p>\n<\/td><td>\n<p>214,50<\/p>\n<\/td><td>\n<p>9<\/p>\n<\/td><td>\n<p>194,00<\/p>\n<\/td><td>\n<p>8<\/p>\n<\/td><td>\n<p>230,00<\/p>\n<\/td><td>\n<p>9<\/p>\n<\/td><td>\n<p><strong>638,50<\/strong><\/p>\n<\/td><td>\n<p><strong>26<\/strong><\/p>\n<\/td><\/tr><tr><td>\n<p><strong>2.<\/strong><\/p>\n<\/td><td>\n<p>AK Prost\u011bjov<\/p>\n<\/td><td>\n<p>183,00<\/p>\n<\/td><td>\n<p>8<\/p>\n<\/td><td>\n<p>230,00<\/p>\n<\/td><td>\n<p>9<\/p>\n<\/td><td>\n<p>192,00<\/p>\n<\/td><td>\n<p>8<\/p>\n<\/td><td>\n<p><strong>605,00<\/strong><\/p>\n<\/td><td>\n<p><strong>25<\/strong><\/p>\n<\/td><\/tr><tr><td>\n<p><strong>3.<\/strong><\/p>\n<\/td><td>\n<p>AK \u0160ternberk<\/p>\n<\/td><td>\n<p>48,00<\/p>\n<\/td><td>\n<p>7<\/p>\n<\/td><td>\n<p>49,00<\/p>\n<\/td><td>\n<p>7<\/p>\n<\/td><td>\n<p>39,00<\/p>\n<\/td><td>\n<p>5<\/p>\n<\/td><td>\n<p><strong>136,00<\/strong><\/p>\n<\/td><td>\n<p><strong>19<\/strong><\/p>\n<\/td><\/tr><tr><td>\n<p>4.<\/p>\n<\/td><td>\n<p>TJ Uni\u010dov<\/p>\n<\/td><td>\n<p>35,00<\/p>\n<\/td><td>\n<p>6<\/p>\n<\/td><td>\n<p>36,00<\/p>\n<\/td><td>\n<p>6<\/p>\n<\/td><td>\n<p>42,00<\/p>\n<\/td><td>\n<p>6<\/p>\n<\/td><td>\n<p><strong>113,00<\/strong><\/p>\n<\/td><td>\n<p><strong>18<\/strong><\/p>\n<\/td><\/tr><tr><td>\n<p>5.<\/p>\n<\/td><td>\n<p>TJ \u0160umperk<\/p>\n<\/td><td>\n<p>31,00<\/p>\n<\/td><td>\n<p>4<\/p>\n<\/td><td>\n<p>26,00<\/p>\n<\/td><td>\n<p>4<\/p>\n<\/td><td>\n<p>50,00<\/p>\n<\/td><td>\n<p>7<\/p>\n<\/td><td>\n<p><strong>107,00<\/strong><\/p>\n<\/td><td>\n<p><strong>15<\/strong><\/p>\n<\/td><\/tr><tr><td>\n<p>6.<\/p>\n<\/td><td>\n<p>SK P\u0159erov<\/p>\n<\/td><td>\n<p>25,50<\/p>\n<\/td><td>\n<p>3<\/p>\n<\/td><td>\n<p>29,00<\/p>\n<\/td><td>\n<p>5<\/p>\n<\/td><td>\n<p>31,50<\/p>\n<\/td><td>\n<p>4<\/p>\n<\/td><td>\n<p><strong>86,00<\/strong><\/p>\n<\/td><td>\n<p><strong>12<\/strong><\/p>\n<\/td><\/tr><tr><td>\n<p>7.<\/p>\n<\/td><td>\n<p>AP Olomouc<\/p>\n<\/td><td>\n<p>31,00<\/p>\n<\/td><td>\n<p>5<\/p>\n<\/td><td>\n<p>22,00<\/p>\n<\/td><td>\n<p>1<\/p>\n<\/td><td>\n<p>17,00<\/p>\n<\/td><td>\n<p>2<\/p>\n<\/td><td>\n<p><strong>70,00<\/strong><\/p>\n<\/td><td>\n<p><strong>8<\/strong><\/p>\n<\/td><\/tr><tr><td>\n<p>8.<\/p>\n<\/td><td>\n<p>SK Hranice<\/p>\n<\/td><td>\n<p>8,00<\/p>\n<\/td><td>\n<p>1<\/p>\n<\/td><td>\n<p>23,00<\/p>\n<\/td><td>\n<p>3<\/p>\n<\/td><td>\n<p>25,00<\/p>\n<\/td><td>\n<p>3<\/p>\n<\/td><td>\n<p><strong>56,00<\/strong><\/p>\n<\/td><td>\n<p><strong>7<\/strong><\/p>\n<\/td><\/tr><tr><td>\n<p>9.<\/p>\n<\/td><td>\n<p>TJ Nov\u00e1 Hrade\u010dn\u00e1<\/p>\n<\/td><td>\n<p>22,00<\/p>\n<\/td><td>\n<p>2<\/p>\n<\/td><td>\n<p>23,00<\/p>\n<\/td><td>\n<p>2<\/p>\n<\/td><td>\n<p>5,50<\/p>\n<\/td><td>\n<p>1<\/p>\n<\/td><td>\n<p><strong>50,50<\/strong><\/p>\n<\/td><td>\n<p><strong>5<\/strong><\/p>\n<\/td><\/tr><\/tbody><\/table><\/figure>\n\n\n\n<p><\/p>\n","protected":false},"excerpt":{"rendered":"<p>Krajsk\u00fd p\u0159ebor dru\u017estev p\u0159\u00edpravek 2026 Dru\u017estva chlapc\u016f: Dru\u017estva d\u00edvek: &nbsp; &nbsp; AK Olomouc AK Olomouc TJ \u0160umperk TJ \u0160umperk AK Prost\u011bjov AK Prost\u011bjov AK \u0160ternberk AK \u0160ternberk SK P\u0159erov 1908 SK P\u0159erov 1908 SK Hranice SK Hranice Atletick\u00e9 p\u0159\u00edpravky Olomouc Atletick\u00e9 p\u0159\u00edpravky Olomouc TJ Uni\u010dov TJ Uni\u010dov Atletika Z\u00e1b\u0159eh Atletika Z\u00e1b\u0159eh TJ Sokol Nov\u00e1 Hrade\u010dn\u00e1 <a href=\"https:\/\/www.kasolomouc.cz\/index.php\/krajsky-prebor-pripravek\/\" class=\"more-link\">[&hellip;]<\/a><\/p>\n","protected":false},"author":3,"featured_media":0,"parent":0,"menu_order":0,"comment_status":"closed","ping_status":"closed","template":"","meta":{"footnotes":""},"class_list":["entry","author-robert","post-237","page","type-page","status-publish"],"_links":{"self":[{"href":"https:\/\/www.kasolomouc.cz\/index.php\/wp-json\/wp\/v2\/pages\/237","targetHints":{"allow":["GET"]}}],"collection":[{"href":"https:\/\/www.kasolomouc.cz\/index.php\/wp-json\/wp\/v2\/pages"}],"about":[{"href":"https:\/\/www.kasolomouc.cz\/index.php\/wp-json\/wp\/v2\/types\/page"}],"author":[{"embeddable":true,"href":"https:\/\/www.kasolomouc.cz\/index.php\/wp-json\/wp\/v2\/users\/3"}],"replies":[{"embeddable":true,"href":"https:\/\/www.kasolomouc.cz\/index.php\/wp-json\/wp\/v2\/comments?post=237"}],"version-history":[{"count":98,"href":"https:\/\/www.kasolomouc.cz\/index.php\/wp-json\/wp\/v2\/pages\/237\/revisions"}],"predecessor-version":[{"id":3006,"href":"https:\/\/www.kasolomouc.cz\/index.php\/wp-json\/wp\/v2\/pages\/237\/revisions\/3006"}],"wp:attachment":[{"href":"https:\/\/www.kasolomouc.cz\/index.php\/wp-json\/wp\/v2\/media?parent=237"}],"curies":[{"name":"wp","href":"https:\/\/api.w.org\/{rel}","templated":true}]}}