{"id":1976,"date":"2024-01-15T11:59:11","date_gmt":"2024-01-15T11:59:11","guid":{"rendered":"http:\/\/www.kasolomouc.cz\/?page_id=1976"},"modified":"2026-04-20T06:11:00","modified_gmt":"2026-04-20T06:11:00","slug":"terminovka-zavodu-2024","status":"publish","type":"page","link":"https:\/\/www.kasolomouc.cz\/index.php\/bezecky-pohar-deti-a-mladeze-olomouckeho-kraje\/terminovka-zavodu-2024\/","title":{"rendered":"Term\u00ednovka a v\u00fdsledky z\u00e1vod\u016f 2026"},"content":{"rendered":"\n<h3 class=\"wp-block-heading\"><strong>Term\u00ednovka 20. ro\u010dn\u00edku B\u011b\u017eeck\u00e9ho poh\u00e1ru d\u011bt\u00ed a ml\u00e1de\u017ee Olomouck\u00e9ho kraje 2026<\/strong><\/h3>\n\n\n\n<ul class=\"wp-block-list\">\n<li>21. 3. 2026 &#8211; <strong>Jarn\u00ed b\u011bh P\u0159erov <\/strong><a href=\"http:\/\/www.kasolomouc.cz\/wp-content\/uploads\/2026\/03\/20260321_rozpis_jarni_beh_prerov.pdf\">PROPOZICE<\/a> <a href=\"https:\/\/online.atletika.cz\/vysledky\/87871\">V\u00ddSLEDKY<\/a><\/li>\n<\/ul>\n\n\n\n<p>SK P\u0159erov 1908, V\u00e1clav Klva\u0148a<strong>, <\/strong>606 721&nbsp;550, <a href=\"mailto:Klvanavaclav13@gmail.com\">Klvanavaclav13@gmail.com<\/a><\/p>\n\n\n\n<ul class=\"wp-block-list\">\n<li>28. 3. 2026<strong> &#8211; Jarn\u00ed b\u011bh Chytili\u010dkou \u0160ternberk<\/strong>&nbsp;<a href=\"https:\/\/online.atletika.cz\/Propozice\/propozice\/88231\">PROPOZICE<\/a> <a href=\"https:\/\/online.atletika.cz\/vysledky\/88231\">V\u00ddSLEDKY<\/a><\/li>\n<\/ul>\n\n\n\n<p>AK \u0160ternberk, Miroslav Sadil, 739&nbsp;061 883, <a href=\"mailto:aksternberk@centrum.cz\">aksternberk@centrum.cz<\/a><\/p>\n\n\n\n<ul class=\"wp-block-list\">\n<li>11. 4. 2026 &#8211; <strong>B\u011bh v\u00edt\u011bzstv\u00ed Hranice<\/strong>&nbsp;<a href=\"https:\/\/online.atletika.cz\/Propozice\/propozice\/88428\">PROPOZICE <\/a><a href=\"https:\/\/online.atletika.cz\/vysledky\/88428\">V\u00ddSLEDKY<\/a><\/li>\n<\/ul>\n\n\n\n<p>SK Hranice, Kl\u00e1ra \u00dalehlov\u00e1, 777 212&nbsp;416, <a href=\"mailto:atletika.hranice@seznam.cz\">atletika.hranice@seznam.cz<\/a><\/p>\n\n\n\n<ul class=\"wp-block-list\">\n<li>18. 4. 2026 &#8211; <strong>B\u011bh Smetanov\u00fdmi sady Olomouc<\/strong> <a href=\"https:\/\/online.atletika.cz\/Propozice\/propozice\/87913\">PROPOZICE<\/a> <a href=\"https:\/\/online.atletika.cz\/vysledky\/87913\">V\u00ddSLEDKY<\/a><\/li>\n<\/ul>\n\n\n\n<p>AK Olomouc, David Uhl\u00ed\u0159, 737 572 927, <a href=\"mailto:daviduhl@post.cz\">daviduhl@post.cz<\/a><\/p>\n\n\n\n<ul class=\"wp-block-list\">\n<li>2. 5. 2026 &#8211; <strong>H\u00e1\u0161\u016fv b\u011bh Moravsk\u00fd Beroun<\/strong><a href=\"http:\/\/www.kasolomouc.cz\/wp-content\/uploads\/2026\/04\/plakat-2026.pdf\"><strong> <\/strong>PROPOZICE<\/a> V\u00ddSLEDKY<\/li>\n<\/ul>\n\n\n\n<p>TJ Granitol Moravsk\u00fd Beroun, Radim Sma\u017e\u00e1k, 606&nbsp;760 823, &nbsp;<a href=\"mailto:smazak.hasa@seznam.cz\">smazak.hasa@seznam.cz<\/a><\/p>\n\n\n\n<ul class=\"wp-block-list\">\n<li>6. 9. 2026 &#8211; <strong>B\u011bh s&nbsp;klokanem Olomouc<\/strong> PROPOZICE V\u00ddSLEDKY<\/li>\n<\/ul>\n\n\n\n<p>Olomouc, Libu\u0161e Machalick\u00e1, 603511854,&nbsp; <a href=\"mailto:macli@seznam.cz\">macli@seznam.cz<\/a><\/p>\n\n\n\n<ul class=\"wp-block-list\">\n<li>3. 10. 2026 &#8211; <strong>Podzimn\u00ed b\u011bh Tyr\u0161ov\u00fdmi sady \u0160ternberk<\/strong> PROPOZICE V\u00ddSLEDKY<\/li>\n<\/ul>\n\n\n\n<p>AK \u0160ternberk, Miroslav Sadil, 739061883, <a href=\"mailto:aksternberk@centrum.cz\">aksternberk@centrum.cz<\/a><\/p>\n\n\n\n<ul class=\"wp-block-list\">\n<li>10. 10. 2026 &#8211; <strong>Bradeln\u00ed\u010dek<\/strong> PROPOZICE V\u00ddSLEDKY<\/li>\n<\/ul>\n\n\n\n<p>TJ Sokol Nov\u00e1 Hrade\u010dn\u00e1, Ren\u00e1ta Mikulkov\u00e1, 602594 306, <a href=\"mailto:renata.zatloukalova@seznam.cz\">renata.zatloukalova@seznam.cz<\/a><\/p>\n\n\n\n<ul class=\"wp-block-list\">\n<li>17. 10. 2026 &#8211; <strong>Uni\u010dovsk\u00e1 maratonka<\/strong> PROPOZICE V\u00ddSLEDKY<\/li>\n<\/ul>\n\n\n\n<p>TJ Uni\u010dov, Iveta jank\u016f, 731 589&nbsp;544, <a href=\"mailto:ivetajanku@email.cz\">ivetajanku@email.cz<\/a><\/p>\n\n\n\n<ul class=\"wp-block-list\">\n<li>24. 10. 2026 &#8211; <strong>Olomouck\u00fd kros d\u011bt\u00ed a ml\u00e1de\u017ee Olomouc<\/strong> PROPOZICE V\u00ddSLEDKY<\/li>\n<\/ul>\n\n\n\n<p>AK Olomouc &#8211; Pod\u011bbrady u Olomouce, David Uhl\u00ed\u0159, 737 572 927, <a href=\"mailto:daviduhl@post.cz\">daviduhl@post.cz<\/a><\/p>\n\n\n\n<h3 class=\"wp-block-heading\">SLAVNOSTN\u00cd VYHL\u00c1\u0160EN\u00cd B\u011a\u017dECK\u00c9HO POH\u00c1RU PROB\u011aHNE v listopadu 2026 od v Uni\u010dov\u011b v Kinos\u00e1le.<\/h3>\n\n\n\n<p><\/p>\n","protected":false},"excerpt":{"rendered":"<p>Term\u00ednovka 20. ro\u010dn\u00edku B\u011b\u017eeck\u00e9ho poh\u00e1ru d\u011bt\u00ed a ml\u00e1de\u017ee Olomouck\u00e9ho kraje 2026 SK P\u0159erov 1908, V\u00e1clav Klva\u0148a, 606 721&nbsp;550, Klvanavaclav13@gmail.com AK \u0160ternberk, Miroslav Sadil, 739&nbsp;061 883, aksternberk@centrum.cz SK Hranice, Kl\u00e1ra \u00dalehlov\u00e1, 777 212&nbsp;416, atletika.hranice@seznam.cz AK Olomouc, David Uhl\u00ed\u0159, 737 572 927, daviduhl@post.cz TJ Granitol Moravsk\u00fd Beroun, Radim Sma\u017e\u00e1k, 606&nbsp;760 823, &nbsp;smazak.hasa@seznam.cz Olomouc, Libu\u0161e Machalick\u00e1, 603511854,&nbsp; macli@seznam.cz <a href=\"https:\/\/www.kasolomouc.cz\/index.php\/bezecky-pohar-deti-a-mladeze-olomouckeho-kraje\/terminovka-zavodu-2024\/\" class=\"more-link\">[&hellip;]<\/a><\/p>\n","protected":false},"author":3,"featured_media":0,"parent":1935,"menu_order":0,"comment_status":"closed","ping_status":"closed","template":"","meta":{"footnotes":""},"class_list":["entry","author-robert","post-1976","page","type-page","status-publish"],"_links":{"self":[{"href":"https:\/\/www.kasolomouc.cz\/index.php\/wp-json\/wp\/v2\/pages\/1976","targetHints":{"allow":["GET"]}}],"collection":[{"href":"https:\/\/www.kasolomouc.cz\/index.php\/wp-json\/wp\/v2\/pages"}],"about":[{"href":"https:\/\/www.kasolomouc.cz\/index.php\/wp-json\/wp\/v2\/types\/page"}],"author":[{"embeddable":true,"href":"https:\/\/www.kasolomouc.cz\/index.php\/wp-json\/wp\/v2\/users\/3"}],"replies":[{"embeddable":true,"href":"https:\/\/www.kasolomouc.cz\/index.php\/wp-json\/wp\/v2\/comments?post=1976"}],"version-history":[{"count":70,"href":"https:\/\/www.kasolomouc.cz\/index.php\/wp-json\/wp\/v2\/pages\/1976\/revisions"}],"predecessor-version":[{"id":3014,"href":"https:\/\/www.kasolomouc.cz\/index.php\/wp-json\/wp\/v2\/pages\/1976\/revisions\/3014"}],"up":[{"embeddable":true,"href":"https:\/\/www.kasolomouc.cz\/index.php\/wp-json\/wp\/v2\/pages\/1935"}],"wp:attachment":[{"href":"https:\/\/www.kasolomouc.cz\/index.php\/wp-json\/wp\/v2\/media?parent=1976"}],"curies":[{"name":"wp","href":"https:\/\/api.w.org\/{rel}","templated":true}]}}