{"id":1974,"date":"2024-01-15T11:58:51","date_gmt":"2024-01-15T11:58:51","guid":{"rendered":"http:\/\/www.kasolomouc.cz\/?page_id=1974"},"modified":"2026-01-07T09:12:58","modified_gmt":"2026-01-07T09:12:58","slug":"pravidla-poharu","status":"publish","type":"page","link":"https:\/\/www.kasolomouc.cz\/index.php\/bezecky-pohar-deti-a-mladeze-olomouckeho-kraje\/pravidla-poharu\/","title":{"rendered":"Pravidla poh\u00e1ru"},"content":{"rendered":"\n<p><strong>Boduje v\u017edy 20 nejlep\u0161\u00edch z\u00e1vodn\u00edk\u016f<\/strong> v ka\u017ed\u00e9 kategorii s p\u0159\u00edslu\u0161nost\u00ed k Olomouck\u00e9mu kraji (odd\u00edl\/klub \u010di bydli\u0161t\u011b v Olomouck\u00e9m kraji). Z d\u016fvodu spr\u00e1vn\u00e9 identifikace z\u00e1vodn\u00edka, uv\u00e1d\u011bjte pros\u00edm v pr\u016fb\u011bhu cel\u00e9ho ro\u010dn\u00edku stejn\u00fd n\u00e1zev odd\u00edlu\/klubu \u010di bydli\u0161t\u011b!<\/p>\n\n\n\n<p>Ka\u017ed\u00fd z\u00e1vodn\u00edk m\u016f\u017ee bodovat pouze ve sv\u00e9 kategorii.<\/p>\n\n\n\n<p>Do celkov\u00e9ho hodnocen\u00ed se zapo\u010d\u00edt\u00e1vaj\u00ed body nejlep\u0161\u00edch um\u00edst\u011bn\u00ed z po\u010dtu 2\/3 skute\u010dn\u011b prob\u011bhl\u00fdch z\u00e1vod\u016f za\u0159azen\u00fdch do Poh\u00e1ru zaokrouhleno dol\u016f na cel\u00e9 \u010d\u00edslo. 10 z\u00e1vod\u016f = zapo\u010d\u00edt\u00e1 se 6, 9 z\u00e1vod\u016f = zapo\u010d\u00edt\u00e1 se 6, 8 z\u00e1vod\u016f = zapo\u010d\u00edt\u00e1 se 5, 7 z\u00e1vod\u016f = zapo\u010d\u00edt\u00e1 se 4, 6 z\u00e1vod\u016f = zapo\u010d\u00edt\u00e1 se 4.<\/p>\n\n\n\n<p>Z\u00e1vodn\u00edci sout\u011b\u017e\u00ed v jednotliv\u00fdch kategori\u00edch a do celkov\u00e9ho hodnocen\u00ed Poh\u00e1ru se zapo\u010d\u00edt\u00e1vaj\u00ed body za um\u00edst\u011bn\u00ed <strong>prvn\u00edm dvaceti b\u011b\u017ec\u016fm<\/strong> v ka\u017ed\u00e9 kategorii v jednotliv\u00fdch z\u00e1vodech n\u00e1sleduj\u00edc\u00edm zp\u016fsobem:<br>\n1. m\u00edsto \u2013 30 bod\u016f, 2. m\u00edsto \u2013 27 bod\u016f, 3. m\u00edsto \u2013 25 bod\u016f, 4. m\u00edsto \u2013 23 bod\u016f, 5. m\u00edsto \u2013 21 bod\u016f, 6. m\u00edsto \u2013 19 bod\u016f, 7. m\u00edsto \u2013 17 bod\u016f, 8. m\u00edsto \u2013 15 bod\u016f, 9. m\u00edsto \u2013 13 bod\u016f, 10. m\u00edsto \u2013 11 bod\u016f,&nbsp; 11. m\u00edsto \u2013 10 bod\u016f, 12. m\u00edsto \u2013 9 bod\u016f, 13. m\u00edsto \u2013 8 bod\u016f, 14. m\u00edsto \u2013 7 bod\u016f, 15. m\u00edsto \u2013 6 bod\u016f, 16. m\u00edsto \u2013 5 bod\u016f, 17. m\u00edsto \u2013 4 body, 18. m\u00edsto \u2013 3 body, 19. m\u00edsto \u2013 2 body, 20. m\u00edsto \u2013 1 bod.<\/p>\n\n\n\n<p>V p\u0159\u00edpad\u011b rovnosti bod\u016f mezi prvn\u00edmi 5 z\u00e1vodn\u00edky rozhoduje v\u011bt\u0161\u00ed po\u010det prvn\u00edch, resp. 2., 3. a dal\u0161\u00edch um\u00edst\u011bn\u00ed v&nbsp;zapo\u010d\u00edt\u00e1van\u00fdch z\u00e1vodech.<\/p>\n\n\n\n<p><strong>V\u011bkov\u00e9 kategorie:<\/strong><\/p>\n\n\n\n<figure class=\"wp-block-table\"><table class=\"has-fixed-layout\"><tbody><tr><td>Nejmlad\u0161\u00ed d\u011bti (kluci\/ d\u00edvky)<\/td><td>2019 a mlad\u0161\u00ed<\/td><\/tr><tr><td>P\u0159\u00edpravka mlad\u0161\u00ed (kluci\/d\u00edvky)<\/td><td>2017\/2018<\/td><\/tr><tr><td>p\u0159\u00edpravka star\u0161\u00ed (kluci\/ d\u00edvky)<\/td><td>2015\/2016<\/td><\/tr><tr><td>mlad\u0161\u00ed \u017e\u00e1ci\/ml.\u017e\u00e1kyn\u011b<\/td><td>2013\/2014<\/td><\/tr><tr><td>star\u0161\u00ed \u017e\u00e1ci\/st.\u017e\u00e1kyn\u011b<\/td><td>2011\/2012<\/td><\/tr><tr><td>dorostenci\/dorostenky<\/td><td>2009\/2010<\/td><\/tr><\/tbody><\/table><\/figure>\n\n\n\n<p><strong>Z\u00e1v\u011bre\u010dn\u00e9 vyhodnocen\u00ed poh\u00e1ru: <\/strong>Slavnostn\u00ed vyhodnocen\u00ed 20. ro\u010dn\u00edku B\u011b\u017eeck\u00e9ho poh\u00e1ru prob\u011bhne v listopadu 2026 v Uni\u010dov\u011b v Kinos\u00e1le. Poh\u00e1ry budou ud\u011bleny nejlep\u0161\u00edm p\u011bti b\u011b\u017ec\u016fm v ka\u017ed\u00e9 kategorii.<\/p>\n\n\n\n<p><strong>Doporu\u010den\u00e9 d\u00e9lky trat\u00ed pro jednotliv\u00e9 kategorie:<\/strong><\/p>\n\n\n\n<figure class=\"wp-block-table\"><table class=\"has-fixed-layout\"><tbody><tr><td>Nejmlad\u0161\u00ed d\u011bti (kluci\/ d\u00edvky)<\/td><td>2019 a mlad\u0161\u00ed<\/td><td>300m-400m<\/td><\/tr><tr><td>P\u0159\u00edpravka mlad\u0161\u00ed (kluci\/d\u00edvky)<\/td><td>2017\/2018<\/td><td>500m<\/td><\/tr><tr><td>P\u0159\u00edpravka star\u0161\u00ed (kluci\/ d\u00edvky)<\/td><td>2015\/2016<\/td><td>500m-800m<\/td><\/tr><tr><td>Mlad\u0161\u00ed \u017e\u00e1ci\/ml.\u017e\u00e1kyn\u011b<\/td><td>2013\/2014<\/td><td>800m-1000m<\/td><\/tr><tr><td>Star\u0161\u00ed \u017e\u00e1ci\/st.\u017e\u00e1kyn\u011b<\/td><td>2011\/2012<\/td><td>1000m-1500m<\/td><\/tr><tr><td>Dorostenci\/dorostenky<\/td><td>2009\/2010<\/td><td>2000m-3500m<\/td><\/tr><\/tbody><\/table><\/figure>\n","protected":false},"excerpt":{"rendered":"<p>Boduje v\u017edy 20 nejlep\u0161\u00edch z\u00e1vodn\u00edk\u016f v ka\u017ed\u00e9 kategorii s p\u0159\u00edslu\u0161nost\u00ed k Olomouck\u00e9mu kraji (odd\u00edl\/klub \u010di bydli\u0161t\u011b v Olomouck\u00e9m kraji). Z d\u016fvodu spr\u00e1vn\u00e9 identifikace z\u00e1vodn\u00edka, uv\u00e1d\u011bjte pros\u00edm v pr\u016fb\u011bhu cel\u00e9ho ro\u010dn\u00edku stejn\u00fd n\u00e1zev odd\u00edlu\/klubu \u010di bydli\u0161t\u011b! Ka\u017ed\u00fd z\u00e1vodn\u00edk m\u016f\u017ee bodovat pouze ve sv\u00e9 kategorii. Do celkov\u00e9ho hodnocen\u00ed se zapo\u010d\u00edt\u00e1vaj\u00ed body nejlep\u0161\u00edch um\u00edst\u011bn\u00ed z po\u010dtu 2\/3 skute\u010dn\u011b <a href=\"https:\/\/www.kasolomouc.cz\/index.php\/bezecky-pohar-deti-a-mladeze-olomouckeho-kraje\/pravidla-poharu\/\" class=\"more-link\">[&hellip;]<\/a><\/p>\n","protected":false},"author":3,"featured_media":0,"parent":1935,"menu_order":0,"comment_status":"closed","ping_status":"closed","template":"","meta":{"footnotes":""},"class_list":["entry","author-robert","post-1974","page","type-page","status-publish"],"_links":{"self":[{"href":"https:\/\/www.kasolomouc.cz\/index.php\/wp-json\/wp\/v2\/pages\/1974","targetHints":{"allow":["GET"]}}],"collection":[{"href":"https:\/\/www.kasolomouc.cz\/index.php\/wp-json\/wp\/v2\/pages"}],"about":[{"href":"https:\/\/www.kasolomouc.cz\/index.php\/wp-json\/wp\/v2\/types\/page"}],"author":[{"embeddable":true,"href":"https:\/\/www.kasolomouc.cz\/index.php\/wp-json\/wp\/v2\/users\/3"}],"replies":[{"embeddable":true,"href":"https:\/\/www.kasolomouc.cz\/index.php\/wp-json\/wp\/v2\/comments?post=1974"}],"version-history":[{"count":11,"href":"https:\/\/www.kasolomouc.cz\/index.php\/wp-json\/wp\/v2\/pages\/1974\/revisions"}],"predecessor-version":[{"id":2850,"href":"https:\/\/www.kasolomouc.cz\/index.php\/wp-json\/wp\/v2\/pages\/1974\/revisions\/2850"}],"up":[{"embeddable":true,"href":"https:\/\/www.kasolomouc.cz\/index.php\/wp-json\/wp\/v2\/pages\/1935"}],"wp:attachment":[{"href":"https:\/\/www.kasolomouc.cz\/index.php\/wp-json\/wp\/v2\/media?parent=1974"}],"curies":[{"name":"wp","href":"https:\/\/api.w.org\/{rel}","templated":true}]}}