{"id":1950,"date":"2023-12-13T08:57:41","date_gmt":"2023-12-13T08:57:41","guid":{"rendered":"http:\/\/www.kasolomouc.cz\/?page_id=1950"},"modified":"2025-12-04T07:48:27","modified_gmt":"2025-12-04T07:48:27","slug":"zapisy-z-oponentur-cptm-kaso","status":"publish","type":"page","link":"https:\/\/www.kasolomouc.cz\/index.php\/zapisy-z-oponentur-cptm-kaso\/","title":{"rendered":"Z\u00e1pisy z Oponentur \u010cPTM KASO"},"content":{"rendered":"\n<h3 class=\"wp-block-heading\"><strong>Z\u00e1pis z Oponentur \u010cPTM KASO 2025 <a href=\"http:\/\/www.kasolomouc.cz\/wp-content\/uploads\/2025\/12\/Zapis-Oponentury-CPTM-2025-KAS-Olomouc-1.pdf\">ZDE.<\/a><\/strong><\/h3>\n\n\n\n<h3 class=\"wp-block-heading\"><strong>Z\u00e1pis z Oponentur \u010cPTM KASO 2024 <a href=\"http:\/\/www.kasolomouc.cz\/wp-content\/uploads\/2024\/12\/Zapis-Oponentury-CPTM-2024-KAS-Olomouc.pdf\">ZDE.<\/a><\/strong><\/h3>\n\n\n\n<h3 class=\"wp-block-heading\"><strong>Z\u00e1pis z Oponentur \u010cPTM KASO 2023 <a href=\"http:\/\/www.kasolomouc.cz\/wp-content\/uploads\/2023\/12\/Z\u00e1pis-Oponentury-\u010cPTM-2023-KAS-Olomouc.pdf\">ZDE.<\/a><\/strong><\/h3>\n\n\n\n<h3 class=\"wp-block-heading\"><strong>Z\u00e1pis z Oponentur \u010cPTM KASO 2022 <a href=\"http:\/\/www.kasolomouc.cz\/wp-content\/uploads\/2023\/12\/Z\u00e1pis-Oponentury-\u010cPTM-2022-KAS-Olomouc.pdf\">ZDE.<\/a><\/strong><\/h3>\n\n\n\n<h3 class=\"wp-block-heading\"><strong>Z\u00e1pis z Oponentur \u010cPTM KASO 2021 <a href=\"http:\/\/www.kasolomouc.cz\/wp-content\/uploads\/2023\/12\/Z\u00e1pis-Oponentury-\u010cPTM-2021-KAS-Olomouc.pdf\">ZDE.<\/a><\/strong><\/h3>\n\n\n\n<h3 class=\"wp-block-heading\"><strong>Z\u00e1pis z Oponentur \u010cPTM KASO 2020 <a href=\"http:\/\/www.kasolomouc.cz\/wp-content\/uploads\/2023\/12\/Z\u00e1pis-Oponentury-\u010cPTM-2020-KAS-Olomouc.pdf\">ZDE.<\/a><\/strong><\/h3>\n\n\n\n<h3 class=\"wp-block-heading\"><strong>Z\u00e1pis z Oponentur \u010cPTM KASO 2019 <a href=\"http:\/\/www.kasolomouc.cz\/wp-content\/uploads\/2023\/12\/Hodnocen\u00ed-\u010dinnosti-\u010cPTM-2019-Olomouck\u00fd-kraj.pdf\">ZDE.<\/a><\/strong><\/h3>\n","protected":false},"excerpt":{"rendered":"<p>Z\u00e1pis z Oponentur \u010cPTM KASO 2025 ZDE. Z\u00e1pis z Oponentur \u010cPTM KASO 2024 ZDE. Z\u00e1pis z Oponentur \u010cPTM KASO 2023 ZDE. Z\u00e1pis z Oponentur \u010cPTM KASO 2022 ZDE. Z\u00e1pis z Oponentur \u010cPTM KASO 2021 ZDE. Z\u00e1pis z Oponentur \u010cPTM KASO 2020 ZDE. Z\u00e1pis z Oponentur \u010cPTM KASO 2019 ZDE.<\/p>\n","protected":false},"author":3,"featured_media":0,"parent":0,"menu_order":0,"comment_status":"closed","ping_status":"closed","template":"","meta":{"footnotes":""},"class_list":["entry","author-robert","post-1950","page","type-page","status-publish"],"_links":{"self":[{"href":"https:\/\/www.kasolomouc.cz\/index.php\/wp-json\/wp\/v2\/pages\/1950","targetHints":{"allow":["GET"]}}],"collection":[{"href":"https:\/\/www.kasolomouc.cz\/index.php\/wp-json\/wp\/v2\/pages"}],"about":[{"href":"https:\/\/www.kasolomouc.cz\/index.php\/wp-json\/wp\/v2\/types\/page"}],"author":[{"embeddable":true,"href":"https:\/\/www.kasolomouc.cz\/index.php\/wp-json\/wp\/v2\/users\/3"}],"replies":[{"embeddable":true,"href":"https:\/\/www.kasolomouc.cz\/index.php\/wp-json\/wp\/v2\/comments?post=1950"}],"version-history":[{"count":5,"href":"https:\/\/www.kasolomouc.cz\/index.php\/wp-json\/wp\/v2\/pages\/1950\/revisions"}],"predecessor-version":[{"id":2802,"href":"https:\/\/www.kasolomouc.cz\/index.php\/wp-json\/wp\/v2\/pages\/1950\/revisions\/2802"}],"wp:attachment":[{"href":"https:\/\/www.kasolomouc.cz\/index.php\/wp-json\/wp\/v2\/media?parent=1950"}],"curies":[{"name":"wp","href":"https:\/\/api.w.org\/{rel}","templated":true}]}}