{"id":1704,"date":"2023-01-17T10:54:32","date_gmt":"2023-01-17T10:54:32","guid":{"rendered":"http:\/\/www.kasolomouc.cz\/?page_id=1704"},"modified":"2026-04-09T06:43:53","modified_gmt":"2026-04-09T06:43:53","slug":"rocenky-moravy-a-slezska","status":"publish","type":"page","link":"https:\/\/www.kasolomouc.cz\/index.php\/statistika\/rocenky-moravy-a-slezska\/","title":{"rendered":"Ro\u010denky Moravy a Slezska"},"content":{"rendered":"\n<h2 class=\"wp-block-heading\">Statistick\u00e9 ro\u010denky v\u00fdkon\u016f z\u00e1vodn\u00edk\u016f Moravy a Slezska.<\/h2>\n\n\n\n<h2 class=\"wp-block-heading\"><strong>2026 hala<\/strong><\/h2>\n\n\n\n<h3 class=\"wp-block-heading\"><strong><a href=\"http:\/\/www.kasolomouc.cz\/wp-content\/uploads\/2026\/04\/H-MAS-26-M.xlsx\">MU\u017dSK\u00c9 SLO\u017dKY<\/a><\/strong><\/h3>\n\n\n\n<h3 class=\"wp-block-heading\"><strong><a href=\"http:\/\/www.kasolomouc.cz\/wp-content\/uploads\/2026\/04\/H-MAS-26-Z.docx\">\u017dENSK\u00c9 SLO\u017dKY<\/a><\/strong><\/h3>\n\n\n\n<h2 class=\"wp-block-heading\"><strong>2025<\/strong><\/h2>\n\n\n\n<h3 class=\"wp-block-heading\"><strong><a href=\"http:\/\/www.kasolomouc.cz\/wp-content\/uploads\/2026\/01\/MAS-25-M.xlsx\">MU\u017dSK\u00c9 SLO\u017dKY<\/a><\/strong><\/h3>\n\n\n\n<h3 class=\"wp-block-heading\"><strong><a href=\"http:\/\/www.kasolomouc.cz\/wp-content\/uploads\/2026\/01\/MAS-25-Z.docx\">\u017dENSK\u00c9 SLO\u017dKY<\/a><\/strong><\/h3>\n\n\n\n<h2 class=\"wp-block-heading\"><strong>2025 hala<\/strong><\/h2>\n\n\n\n<h3 class=\"wp-block-heading\"><a href=\"http:\/\/www.kasolomouc.cz\/wp-content\/uploads\/2025\/04\/H-MAS-25-M.xls\"><strong>MU\u017dSK\u00c9 SLO\u017dKY<\/strong><\/a><\/h3>\n\n\n\n<h3 class=\"wp-block-heading\"><a href=\"http:\/\/www.kasolomouc.cz\/wp-content\/uploads\/2025\/04\/H-MAS-25-Z.docx\"><strong>\u017dENSK\u00c9 SLO\u017dKY<\/strong><\/a><\/h3>\n\n\n\n<h2 class=\"wp-block-heading\"><strong>2024<\/strong><\/h2>\n\n\n\n<h3 class=\"wp-block-heading\"><a href=\"http:\/\/www.kasolomouc.cz\/wp-content\/uploads\/2025\/02\/2024-muzske-slozky.xls\"><strong>MU\u017dSK\u00c9 SLO\u017dKY<\/strong><\/a><\/h3>\n\n\n\n<h3 class=\"wp-block-heading\"><a href=\"http:\/\/www.kasolomouc.cz\/wp-content\/uploads\/2025\/02\/2024-zenske-slozky.docx\"><strong>\u017dENSK\u00c9 SLO\u017dKY<\/strong><\/a><\/h3>\n\n\n\n<h2 class=\"wp-block-heading\"><strong>2024 hala<\/strong><\/h2>\n\n\n\n<h3 class=\"wp-block-heading\"><a href=\"http:\/\/www.kasolomouc.cz\/wp-content\/uploads\/2024\/04\/H-MAS-24-M.xls\"><strong>MU\u017dSK\u00c9 SLO\u017dKY<\/strong><\/a><\/h3>\n\n\n\n<h3 class=\"wp-block-heading\"><a href=\"http:\/\/www.kasolomouc.cz\/wp-content\/uploads\/2024\/04\/H-MAS-24-\u017d.doc\"><strong>\u017dENSK\u00c9 SLO\u017dKY<\/strong><\/a><\/h3>\n\n\n\n<h2 class=\"wp-block-heading\"><strong>2023<\/strong><\/h2>\n\n\n\n<h3 class=\"wp-block-heading\"><a href=\"http:\/\/www.kasolomouc.cz\/wp-content\/uploads\/2024\/02\/MAS-23-M.xlsx\"><strong>MU\u017dSK\u00c9 SLO\u017dKY<\/strong><\/a><\/h3>\n\n\n\n<h3 class=\"wp-block-heading\"><a href=\"http:\/\/www.kasolomouc.cz\/wp-content\/uploads\/2024\/02\/MAS-23-\u017d.doc\"><strong>\u017dENSK\u00c9 SLO\u017dKY<\/strong><\/a><\/h3>\n\n\n\n<h2 class=\"wp-block-heading\"><strong>2023 hala<\/strong><\/h2>\n\n\n\n<h3 class=\"wp-block-heading\"><a href=\"http:\/\/www.kasolomouc.cz\/wp-content\/uploads\/2023\/04\/H-MAS-23-M.xlsx\"><strong>MU\u017dSK\u00c9 SLO\u017dKY<\/strong><\/a><\/h3>\n\n\n\n<h3 class=\"wp-block-heading\"><strong><a href=\"http:\/\/www.kasolomouc.cz\/wp-content\/uploads\/2023\/04\/H-MAS-23-\u017d.doc\">\u017dENSK\u00c9 SLO\u017dKY<\/a><\/strong><\/h3>\n\n\n\n<h2 class=\"wp-block-heading\"><strong>2022<\/strong><\/h2>\n\n\n\n<h3 class=\"wp-block-heading\"><strong><a href=\"http:\/\/www.kasolomouc.cz\/wp-content\/uploads\/2023\/01\/MAS-22-M.xls\">MU\u017dSK\u00c9 SLO\u017dKY<\/a><\/strong><\/h3>\n\n\n\n<h3 class=\"wp-block-heading\"><strong><a href=\"http:\/\/www.kasolomouc.cz\/wp-content\/uploads\/2023\/01\/MAS-22-\u017d.doc\">\u017dENSK\u00c9 SLO\u017dKY<\/a><\/strong><\/h3>\n\n\n\n<h2 class=\"wp-block-heading\"><strong>2021<\/strong><\/h2>\n\n\n\n<h3 class=\"wp-block-heading\"><strong><a href=\"http:\/\/www.kasolomouc.cz\/wp-content\/uploads\/2022\/02\/MAS-21-M.xlsx\">MU\u017dSK\u00c9 SLO\u017dKY<\/a><\/strong><\/h3>\n\n\n\n<h3 class=\"wp-block-heading\"><strong><a href=\"http:\/\/www.kasolomouc.cz\/wp-content\/uploads\/2022\/02\/MAS-21-\u017d.doc\">\u017dENSK\u00c9 SLO\u017dKY<\/a><\/strong><\/h3>\n\n\n\n<h2 class=\"wp-block-heading\"><strong>2020<\/strong><\/h2>\n\n\n\n<h3 class=\"wp-block-heading\"><strong><a href=\"http:\/\/www.kasolomouc.cz\/wp-content\/uploads\/2020\/12\/MAS-20-M.xlsx\">MU\u017dSK\u00c9 SLO\u017dKY<\/a><\/strong><\/h3>\n\n\n\n<h3 class=\"wp-block-heading\"><strong><a href=\"http:\/\/www.kasolomouc.cz\/wp-content\/uploads\/2020\/12\/MAS-20-M.xlsx\">\u017dENSK\u00c9 SLO\u017dKY<\/a><\/strong><\/h3>\n\n\n","protected":false},"excerpt":{"rendered":"<p>Statistick\u00e9 ro\u010denky v\u00fdkon\u016f z\u00e1vodn\u00edk\u016f Moravy a Slezska. 2026 hala MU\u017dSK\u00c9 SLO\u017dKY \u017dENSK\u00c9 SLO\u017dKY 2025 MU\u017dSK\u00c9 SLO\u017dKY \u017dENSK\u00c9 SLO\u017dKY 2025 hala MU\u017dSK\u00c9 SLO\u017dKY \u017dENSK\u00c9 SLO\u017dKY 2024 MU\u017dSK\u00c9 SLO\u017dKY \u017dENSK\u00c9 SLO\u017dKY 2024 hala MU\u017dSK\u00c9 SLO\u017dKY \u017dENSK\u00c9 SLO\u017dKY 2023 MU\u017dSK\u00c9 SLO\u017dKY \u017dENSK\u00c9 SLO\u017dKY 2023 hala MU\u017dSK\u00c9 SLO\u017dKY \u017dENSK\u00c9 SLO\u017dKY 2022 MU\u017dSK\u00c9 SLO\u017dKY \u017dENSK\u00c9 SLO\u017dKY 2021 MU\u017dSK\u00c9 SLO\u017dKY \u017dENSK\u00c9 <a href=\"https:\/\/www.kasolomouc.cz\/index.php\/statistika\/rocenky-moravy-a-slezska\/\" class=\"more-link\">[&hellip;]<\/a><\/p>\n","protected":false},"author":3,"featured_media":0,"parent":1701,"menu_order":0,"comment_status":"closed","ping_status":"closed","template":"","meta":{"footnotes":""},"class_list":["entry","author-robert","post-1704","page","type-page","status-publish"],"_links":{"self":[{"href":"https:\/\/www.kasolomouc.cz\/index.php\/wp-json\/wp\/v2\/pages\/1704","targetHints":{"allow":["GET"]}}],"collection":[{"href":"https:\/\/www.kasolomouc.cz\/index.php\/wp-json\/wp\/v2\/pages"}],"about":[{"href":"https:\/\/www.kasolomouc.cz\/index.php\/wp-json\/wp\/v2\/types\/page"}],"author":[{"embeddable":true,"href":"https:\/\/www.kasolomouc.cz\/index.php\/wp-json\/wp\/v2\/users\/3"}],"replies":[{"embeddable":true,"href":"https:\/\/www.kasolomouc.cz\/index.php\/wp-json\/wp\/v2\/comments?post=1704"}],"version-history":[{"count":12,"href":"https:\/\/www.kasolomouc.cz\/index.php\/wp-json\/wp\/v2\/pages\/1704\/revisions"}],"predecessor-version":[{"id":2977,"href":"https:\/\/www.kasolomouc.cz\/index.php\/wp-json\/wp\/v2\/pages\/1704\/revisions\/2977"}],"up":[{"embeddable":true,"href":"https:\/\/www.kasolomouc.cz\/index.php\/wp-json\/wp\/v2\/pages\/1701"}],"wp:attachment":[{"href":"https:\/\/www.kasolomouc.cz\/index.php\/wp-json\/wp\/v2\/media?parent=1704"}],"curies":[{"name":"wp","href":"https:\/\/api.w.org\/{rel}","templated":true}]}}